{"id":1589,"date":"2025-08-04T07:17:30","date_gmt":"2025-08-04T06:17:30","guid":{"rendered":"https:\/\/habitatge.olot.cat\/?page_id=1589"},"modified":"2025-09-12T11:14:50","modified_gmt":"2025-09-12T10:14:50","slug":"allotjament-estudiants","status":"publish","type":"page","link":"https:\/\/habitatge.olot.cat\/index.php\/allotjament-estudiants\/","title":{"rendered":"ALLOTJAMENT  ESTUDIANTS"},"content":{"rendered":"\t\t<div data-elementor-type=\"wp-page\" data-elementor-id=\"1589\" class=\"elementor elementor-1589\">\n\t\t\t\t\t\t<section class=\"elementor-section elementor-top-section elementor-element elementor-element-ac503b9 elementor-section-content-bottom elementor-section-boxed elementor-section-height-default elementor-section-height-default\" data-id=\"ac503b9\" data-element_type=\"section\">\n\t\t\t\t\t\t<div class=\"elementor-container elementor-column-gap-default\">\n\t\t\t\t\t<div class=\"elementor-column elementor-col-100 elementor-top-column elementor-element elementor-element-f1ffa2a\" data-id=\"f1ffa2a\" data-element_type=\"column\" data-settings=\"{&quot;background_background&quot;:&quot;classic&quot;}\">\n\t\t\t<div class=\"elementor-widget-wrap elementor-element-populated\">\n\t\t\t\t\t\t<div class=\"elementor-element elementor-element-b7f5d5f elementor-widget elementor-widget-text-editor\" data-id=\"b7f5d5f\" data-element_type=\"widget\" data-widget_type=\"text-editor.default\">\n\t\t\t\t<div class=\"elementor-widget-container\">\n\t\t\t\t\t\t\t\t\t<h3><strong>Llista de persones adjudicat\u00e0ries, amb l\u2019habitatge o habitaci\u00f3 d\u2019acord amb el resultat del sorteig realitzat en data 10\/09\/25<\/strong><\/h3>\t\t\t\t\t\t\t\t<\/div>\n\t\t\t\t<\/div>\n\t\t\t\t<div class=\"elementor-element elementor-element-138b864 elementor-align-center elementor-widget elementor-widget-button\" data-id=\"138b864\" data-element_type=\"widget\" data-widget_type=\"button.default\">\n\t\t\t\t<div class=\"elementor-widget-container\">\n\t\t\t\t\t\t\t\t\t<div class=\"elementor-button-wrapper\">\n\t\t\t\t\t<a class=\"elementor-button elementor-button-link elementor-size-sm\" href=\"http:\/\/habitatge.olot.cat\/wp-content\/uploads\/2025\/09\/Llista-persones-adjudicataries-dades-protegides-sorteig-10.09.25.pdf\" target=\"_blank\">\n\t\t\t\t\t\t<span class=\"elementor-button-content-wrapper\">\n\t\t\t\t\t\t\t\t\t<span class=\"elementor-button-text\">Llistat de persones<\/span>\n\t\t\t\t\t<\/span>\n\t\t\t\t\t<\/a>\n\t\t\t\t<\/div>\n\t\t\t\t\t\t\t\t<\/div>\n\t\t\t\t<\/div>\n\t\t\t\t\t<\/div>\n\t\t<\/div>\n\t\t\t\t\t<\/div>\n\t\t<\/section>\n\t\t\t\t<section class=\"elementor-section elementor-top-section elementor-element elementor-element-034ee83 elementor-section-boxed elementor-section-height-default elementor-section-height-default\" data-id=\"034ee83\" data-element_type=\"section\">\n\t\t\t\t\t\t<div class=\"elementor-container elementor-column-gap-default\">\n\t\t\t\t\t<div class=\"elementor-column elementor-col-100 elementor-top-column elementor-element elementor-element-aa02b1b\" data-id=\"aa02b1b\" data-element_type=\"column\">\n\t\t\t<div class=\"elementor-widget-wrap elementor-element-populated\">\n\t\t\t\t\t\t<div class=\"elementor-element elementor-element-ca5a31a elementor-widget elementor-widget-text-editor\" data-id=\"ca5a31a\" data-element_type=\"widget\" data-widget_type=\"text-editor.default\">\n\t\t\t\t<div class=\"elementor-widget-container\">\n\t\t\t\t\t\t\t\t\t<p>\u00a0<\/p><p><strong>\u00a0<\/strong><\/p><p><strong>Olot ofereix allotjament de lloguer per a estudiants dels centres educatius de la ciutat- Curs Acad\u00e8mic 2025-2026<\/strong><\/p><p>L\u2019Ajuntament d\u2019Olot ofereix 4 habitatges i 8 habitacions amb espais comuns compartits perqu\u00e8 puguin fer-ne \u00fas els estudiants majors de 18 anys que cursin una formaci\u00f3 a la ciutat en el curs 2025-2026.<br \/>Es tracta de <strong>8 habitatges totalment equipats<\/strong>, 4 d\u2019ells d\u2019una sola habitaci\u00f3 i 4 de 2 habitacions amb espais comuns compartits. Els contractes s\u00f3n de 10 mesos, cobrint aix\u00ed tot el curs acad\u00e8mic 2025-2026. Pel que fa a les seves caracter\u00edstiques, van des dels 39,97 metres quadrats fins als 81,58 m\u00b2 amb preus de lloguer d\u2019entre 206 i 490 euros, donant compliment a la normativa vigent dels contractes de lloguer d\u2019habitatge en zones tensionades, com \u00e9s el cas d\u2019Olot.<\/p><p>L\u2019elecci\u00f3 dels llogaters es far\u00e0 mitjan\u00e7ant <strong>sorteig p\u00fablic<\/strong> i, alhora, es crear\u00e0 una llista d\u2019espera que tamb\u00e9 s\u2019ordenar\u00e0 per sorteig. Per poder participar en aquest proc\u00e9s i fer la sol\u00b7licitud cal complir els seg\u00fcents requisits:<\/p><ul><li style=\"list-style-type: none;\"><ul><li style=\"list-style-type: none;\"><ul><li style=\"list-style-type: none;\"><ul><li style=\"text-align: left;\">Ser major de 18 anys<\/li><li style=\"text-align: left;\">Estar matriculat en el curs acad\u00e8mic 2025-2026 a qualsevol dels centres educatius del municipi<\/li><li style=\"text-align: left;\">Disposar d\u2019ingressos m\u00ednims<\/li><\/ul><\/li><\/ul><\/li><\/ul><\/li><\/ul><p><strong>Sol\u00b7licituds obertes del 13 al 29 d\u2019agost<\/strong><\/p><p>Un cop aprovades les normes d\u2019adjudicaci\u00f3 definitives, tothom que hi estigui interessat pot presentar la seva sol\u00b7licitud fins al 29 d\u2019agost de forma telem\u00e0tica mitjan\u00e7ant <a href=\"https:\/\/www.olot.cat\/pl221\/tramits\/cataleg-de-tramits\/id10243\/instancia-general.htm\">inst\u00e0ncia gen\u00e8rica<\/a> de l\u2019Ajuntament d\u2019Olot juntament amb <em><span style=\"text-decoration: underline;\">sol\u00b7licitud degudament formalitzada mitjan\u00e7ant certificat digital<\/span><\/em> (sol\u00b7licitant i avaladors, en el seu cas) i documentaci\u00f3 requerida o presencialment a l\u2019Oficina Local d\u2019Habitatge d\u2019Olot, ubicada al Passeig Ramon Guillamet, 2 que compta amb un horari d\u2019atenci\u00f3 al p\u00fablic de 8 a 15 h de dilluns a divendres.<\/p><p>Per a m\u00e9s informaci\u00f3 i detall del tr\u00e0mit, gesti\u00f3 o altres caracter\u00edstiques es pot contactar amb l\u2019OLH d\u2019Olot al 972 27 91 28 i a trav\u00e9s del correu electr\u00f2nic <a href=\"mailto:habitatge@olot.cat\">habitatge@olot.cat<\/a>.<\/p><p>Un cop rebudes totes les sol\u00b7licituds es publicar\u00e0 una llista d\u2019admesos i exclosos i, posteriorment, es determinaran els nous inquilins i inquilines a trav\u00e9s d\u2019un sorteig p\u00fablic que es dur\u00e0 a terme el dia 10 de setembre a les 12.00 hores al Sal\u00f3 de Plens de l\u2019Ajuntament d\u2019Olot. Les persones admeses que no hagin sigut seleccionades en el sorteig per determinar els llogaters, formaran part d\u2019unes llistes d\u2019espera que tamb\u00e9 s\u2019ordenaran per sorteig.<\/p><p><strong><span style=\"text-decoration: underline;\">Documentaci\u00f3 necess\u00e0ria<\/span><\/strong>:<\/p><ul><li style=\"list-style-type: none;\"><ul><li style=\"list-style-type: none;\"><ul><li style=\"list-style-type: none;\"><ul><li>Sol\u00b7licitud degudament formalitzada pel sol\u00b7licitant i avaladors, en el seu cas (signatura\/es digital en tr\u00e0mit telem\u00e0tic)<\/li><li>Documents d&#8217;identitat (vigents) de totes les persones que constin a la sol\u00b7licitud.<\/li><li>Document acreditatiu de la Matr\u00edcula en el curs acad\u00e8mic 2025-2026 en qualsevol dels centres educatius del municipi d\u2019Olot<\/li><\/ul><\/li><\/ul><\/li><\/ul><\/li><\/ul><p>ACREDITACI\u00d3 D\u2019INGRESSOS:<\/p><ul><li style=\"list-style-type: none;\"><ul><li style=\"list-style-type: none;\"><ul><li style=\"list-style-type: none;\"><ul><li>Declaraci\u00f3 de l\u2019IRPF de l\u2019any fiscal exigible (2024) de totes les persones que constin a la sol\u00b7licitud.<\/li><li>En cas de no haver presentat la declaraci\u00f3 d\u2019IRPF de l\u2019any fiscal exigible (2024) per no estar-hi obligat d\u2019acord amb la normativa tribut\u00e0ria, caldr\u00e0 presentar els seg\u00fcents documents:<ul><li style=\"list-style-type: none;\"><ul><li>Certificat d\u2019altes i baixes a la Seguretat Social (Informe de vida laboral).<ul><li style=\"list-style-type: none;\"><ul><li style=\"list-style-type: none;\"><ul><li style=\"list-style-type: none;\"><ul><li style=\"list-style-type: none;\"><ul><li style=\"list-style-type: none;\"><ul><li style=\"list-style-type: none;\"><ul><li style=\"list-style-type: none;\"><ul><li style=\"list-style-type: none;\"><ul><li style=\"list-style-type: none;\"><ul><li style=\"list-style-type: none;\"><ul><li style=\"list-style-type: none;\"><ul><li style=\"list-style-type: none;\">i<\/li><\/ul><\/li><\/ul><\/li><\/ul><\/li><\/ul><\/li><\/ul><\/li><\/ul><\/li><\/ul><\/li><\/ul><\/li><\/ul><\/li><\/ul><\/li><\/ul><\/li><\/ul><\/li><li>Certificat\/s d\u2019ingressos i retencions a compte de l\u2019IRPF corresponents a l\u2019any fiscal exigible (2024) emesos per l\u2019empresa\/es en el\/s per\u00edode\/s en qu\u00e8 s\u2019hagi treballat.<ul><li style=\"list-style-type: none;\"><ul><li style=\"list-style-type: none;\"><ul><li style=\"list-style-type: none;\"><ul><li style=\"list-style-type: none;\"><ul><li style=\"list-style-type: none;\"><ul><li style=\"list-style-type: none;\"><ul><li style=\"list-style-type: none;\"><ul><li style=\"list-style-type: none;\"><ul><li style=\"list-style-type: none;\"><ul><li style=\"list-style-type: none;\"><ul><li style=\"list-style-type: none;\"><ul><li style=\"list-style-type: none;\">o<\/li><\/ul><\/li><\/ul><\/li><\/ul><\/li><\/ul><\/li><\/ul><\/li><\/ul><\/li><\/ul><\/li><\/ul><\/li><\/ul><\/li><\/ul><\/li><\/ul><\/li><\/ul><\/li><li>Pensionistes: Certificat de la pensi\u00f3 percebuda l\u2019any fiscal exigible (2024), em\u00e8s per l\u2019organisme oficial corresponent, amb indicaci\u00f3 del seu import.<ul><li style=\"list-style-type: none;\"><ul><li style=\"list-style-type: none;\"><ul><li style=\"list-style-type: none;\"><ul><li style=\"list-style-type: none;\"><ul><li style=\"list-style-type: none;\"><ul><li style=\"list-style-type: none;\"><ul><li style=\"list-style-type: none;\"><ul><li style=\"list-style-type: none;\"><ul><li style=\"list-style-type: none;\"><ul><li style=\"list-style-type: none;\"><ul><li style=\"list-style-type: none;\"><ul><li style=\"list-style-type: none;\">o<\/li><\/ul><\/li><\/ul><\/li><\/ul><\/li><\/ul><\/li><\/ul><\/li><\/ul><\/li><\/ul><\/li><\/ul><\/li><\/ul><\/li><\/ul><\/li><\/ul><\/li><\/ul><\/li><li>Aturats\/des: Certificat de l\u2019INEM amb indicaci\u00f3 del per\u00edode d\u2019atur i, si escau, dels imports percebuts durant l\u2019any 2024.<\/li><\/ul><\/li><\/ul><\/li><\/ul><\/li><\/ul><\/li><\/ul><\/li><\/ul><p>(Per al c\u00f2mput dels ingressos es tindr\u00e0 en compte els percebuts pel sol\u00b7licitant i\/o dels avalador\/s, en el seu cas)<\/p><p><span style=\"text-decoration: underline;\"><strong>Documentaci\u00f3 adjunta<\/strong><\/span>:<br \/>&#8211; <a href=\"http:\/\/habitatge.olot.cat\/wp-content\/uploads\/2025\/08\/Normes-Adjudicacio.pdf\">Normes adjudicaci\u00f3<\/a><br \/>&#8211; <a href=\"http:\/\/habitatge.olot.cat\/wp-content\/uploads\/2025\/08\/SOLICITUD.pdf\">Sol\u00b7licitud<\/a><br \/>&#8211; <a href=\"http:\/\/habitatge.olot.cat\/wp-content\/uploads\/2025\/08\/Reportatge_fotografic.pdf\">Fotografies i pl\u00e0nols<\/a><\/p>\t\t\t\t\t\t\t\t<\/div>\n\t\t\t\t<\/div>\n\t\t\t\t\t<\/div>\n\t\t<\/div>\n\t\t\t\t\t<\/div>\n\t\t<\/section>\n\t\t\t\t<section class=\"elementor-section elementor-top-section elementor-element elementor-element-11667d99 elementor-section-boxed elementor-section-height-default elementor-section-height-default\" data-id=\"11667d99\" data-element_type=\"section\">\n\t\t\t\t\t\t<div class=\"elementor-container elementor-column-gap-default\">\n\t\t\t\t\t<div class=\"elementor-column elementor-col-100 elementor-top-column elementor-element elementor-element-1a10ddfa\" data-id=\"1a10ddfa\" data-element_type=\"column\">\n\t\t\t<div class=\"elementor-widget-wrap\">\n\t\t\t\t\t\t\t<\/div>\n\t\t<\/div>\n\t\t\t\t\t<\/div>\n\t\t<\/section>\n\t\t\t\t<\/div>\n\t\t","protected":false},"excerpt":{"rendered":"<p>Llista de persones adjudicat\u00e0ries, amb l\u2019habitatge o habitaci\u00f3 d\u2019acord amb el resultat del sorteig realitzat en data 10\/09\/25 Llistat de persones \u00a0 \u00a0 Olot ofereix allotjament de lloguer per a estudiants dels centres educatius de la ciutat- Curs Acad\u00e8mic 2025-2026 L\u2019Ajuntament d\u2019Olot ofereix 4 habitatges i 8 habitacions amb espais [&hellip;]<\/p>\n","protected":false},"author":1,"featured_media":0,"parent":0,"menu_order":0,"comment_status":"closed","ping_status":"closed","template":"","meta":{"footnotes":""},"class_list":["post-1589","page","type-page","status-publish","hentry"],"_links":{"self":[{"href":"https:\/\/habitatge.olot.cat\/index.php\/wp-json\/wp\/v2\/pages\/1589","targetHints":{"allow":["GET"]}}],"collection":[{"href":"https:\/\/habitatge.olot.cat\/index.php\/wp-json\/wp\/v2\/pages"}],"about":[{"href":"https:\/\/habitatge.olot.cat\/index.php\/wp-json\/wp\/v2\/types\/page"}],"author":[{"embeddable":true,"href":"https:\/\/habitatge.olot.cat\/index.php\/wp-json\/wp\/v2\/users\/1"}],"replies":[{"embeddable":true,"href":"https:\/\/habitatge.olot.cat\/index.php\/wp-json\/wp\/v2\/comments?post=1589"}],"version-history":[{"count":33,"href":"https:\/\/habitatge.olot.cat\/index.php\/wp-json\/wp\/v2\/pages\/1589\/revisions"}],"predecessor-version":[{"id":1669,"href":"https:\/\/habitatge.olot.cat\/index.php\/wp-json\/wp\/v2\/pages\/1589\/revisions\/1669"}],"wp:attachment":[{"href":"https:\/\/habitatge.olot.cat\/index.php\/wp-json\/wp\/v2\/media?parent=1589"}],"curies":[{"name":"wp","href":"https:\/\/api.w.org\/{rel}","templated":true}]}}