{"id":997,"date":"2022-06-02T12:06:56","date_gmt":"2022-06-02T11:06:56","guid":{"rendered":"https:\/\/habitatge.olot.cat\/?page_id=997"},"modified":"2026-03-06T08:58:56","modified_gmt":"2026-03-06T07:58:56","slug":"convocatoria-de-subvencions-del-bo-lloguer-jove","status":"publish","type":"page","link":"https:\/\/habitatge.olot.cat\/index.php\/convocatoria-de-subvencions-del-bo-lloguer-jove\/","title":{"rendered":"CONVOCAT\u00d2RIA DE SUBVENCIONS DEL BO LLOGUER JOVE 2026"},"content":{"rendered":"<p><strong>El termini de presentaci\u00f3 s\u2019iniciar\u00e0 el dia 9 de mar\u00e7 a les 9:00 hores fins el dia 13 de mar\u00e7 a les 14:00 hores<\/strong><\/p>\n<p>Pots consultar les bases que regulen la convocat\u00f2ria en <a href=\"http:\/\/habitatge.olot.cat\/wp-content\/uploads\/2026\/03\/260224-DOGC_CAT_Bases_Bo_Lloguer_Jove_2026.pdf\" target=\"_blank\" rel=\"noopener\">aquest enlla\u00e7<\/a><\/p>\n<p>&nbsp;<\/p>\n<p><strong>La quantia de la subvenci\u00f3 \u00e9s:<\/strong><\/p>\n<p>La quantia mensual de la subvenci\u00f3 \u00e9s de 250 euros, amb el l\u00edmit mensual de la renda i durant dos anys.<\/p>\n<p>S\u2019inclou en l\u2019import de renda i els seus endarreriments, imports de repercussi\u00f3 d\u2019obres de millora, de l\u2019impost sobre b\u00e9ns immobles (IBI) i de la taxa pel servei d\u2019escombraries. No s\u2019inclou annexos com ara places de garatge, trasters o similars.<\/p>\n<p>Passat el primer any de la concessi\u00f3 de la subvenci\u00f3, es procedir\u00e0 a la verificaci\u00f3 del manteniment dels requisits.<\/p>\n<p>&nbsp;<\/p>\n<p><strong>Els requisits s\u00f3n:<\/strong><\/p>\n<ul>\n<li>Tenir fins a 35 anys, 35 anys inclosos, en el moment de presentar la sol\u00b7licitud.<\/li>\n<li>Acreditar resid\u00e8ncia legal a Catalunya i que l\u2019habitatge o habitaci\u00f3 constitueixi la resid\u00e8ncia habitual i permanent durant tot el per\u00edode pel qual es concedeixi l\u2019ajuda. (estar empadronat a l\u2019habitatge pel qual es demana la subvenci\u00f3)<\/li>\n<li>Disposar d\u2019uns ingressos iguals o inferiors a:\n<ul>\n<li>2,778442 IRSC per a l\u2019exercici 2024<\/li>\n<li>2,697518 IRCS per a l\u2019exercici 2025<\/li>\n<li>2,618949 IRCS per a l\u2019exercici 2026<\/li>\n<\/ul>\n<\/li>\n<li>Font regular d\u2019ingressos: acreditar una vida laboral de tres mesos d\u2019antiguitat en els sis mesos anteriors a la presentaci\u00f3 de la sol\u00b7licitud o una durada prevista de 6 mesos des del dia de la sol\u00b7licitud.<\/li>\n<li>Ser titular del contracte de lloguer o de cessi\u00f3 d\u2019\u00fas d\u2019habitatge o d\u2019habitaci\u00f3 o formalitzar el contracte corresponent en el termini de dos mesos.<\/li>\n<li>Acreditar el pagament de la fian\u00e7a a l\u2019arrendador (en els contractes de lloguer)<\/li>\n<li>No pagar un lloguer mensual superior a 750 \u20ac\/mes (lloguer habitatge) i 400 \u20ac\/mes (habitaci\u00f3)<\/li>\n<li>Estar al corrent de pagament de les rendes de lloguer en el moment de la presentaci\u00f3 de la sol\u00b7licitud.<\/li>\n<li>En el moment de presentar la sol\u00b7licitud s\u2019ha de pagar el lloguer per transfer\u00e8ncia banc\u00e0ria, rebut domiciliat, bizum, ingr\u00e9s en compte o rebut em\u00e8s per l\u2019administrador de la finca i\/o bizum.<\/li>\n<li>No estar sotm\u00e8s a cap sup\u00f2sit de prohibici\u00f3 per ser beneficiari de subvencions i complir les obligacions tribut\u00e0ries davant, l\u2019Estat, Generalitat i Seguretat Social.<\/li>\n<li>No ser titular ni usufructuari d\u2019un habitatge, ni tenir relaci\u00f3 de parentiu amb el propietari de l\u2019habitatge, fins el segon grau de consanguinitat o afinitat.<\/li>\n<li>No ser beneficiari de la subvenci\u00f3 del Bo Lloguer Jove en el per\u00edode 2025.<\/li>\n<\/ul>\n<p>&nbsp;<\/p>\n<p><strong>La documentaci\u00f3 haur\u00e0 de ser la seg\u00fcent:<\/strong><\/p>\n<ul>\n<li><a href=\"http:\/\/habitatge.olot.cat\/wp-content\/uploads\/2026\/03\/2026_RE-1184v3_Sol_Subvencio_Bo_Jove.pdf\" target=\"_blank\" rel=\"noopener\">Sol\u00b7licitud<\/a> omplerta (nom\u00e9s tr\u00e0mit presencial)<\/li>\n<li>NIF\/NIE\/passaport de la unitat de conviv\u00e8ncia, si s\u2019escau.<\/li>\n<li>Contracte de lloguer o cessi\u00f3 d\u2019\u00fas d\u2019habitatge o d\u2019habitaci\u00f3 i acreditaci\u00f3 pagament de la fian\u00e7a.<\/li>\n<li>Rebuts de lloguer pagats fins la data de la presentaci\u00f3 de la sol\u00b7licitud. (any 2026)<\/li>\n<li>Full de transfer\u00e8ncia banc\u00e0ria (<a href=\"http:\/\/habitatge.olot.cat\/wp-content\/uploads\/2026\/03\/RE_704_sol_trans_banc.pdf\" target=\"_blank\" rel=\"noopener\">model SEPA<\/a>) o certificat de titularitat banc\u00e0ria del compte on s\u2019ha d\u2019ingressar la subvenci\u00f3.<\/li>\n<li>Altre documentaci\u00f3: si l\u2019inici de la vida laboral \u00e9s en l\u2019exercici 2025 o 2026 cal omplir la <a href=\"http:\/\/habitatge.olot.cat\/wp-content\/uploads\/2026\/03\/RE-1187v3_Declaracio_responsable_ingressos.pdf\" target=\"_blank\" rel=\"noopener\">declaraci\u00f3 responsable d&#8217;ingressos<\/a> i aportar contracte de treball, n\u00f2mines, certificat imputacions AEAT 2024<\/li>\n<\/ul>\n<p><strong>\u00a0<\/strong><\/p>\n<p><strong>La presentaci\u00f3 de la sol\u00b7licitud haur\u00e0 de ser PREFERENTMENT telem\u00e0tica en el seg\u00fcent <a href=\"https:\/\/tramits.gencat.cat\/ca\/tramits\/tramits-temes\/22866_Bo_lloguer_joves?category=74aba454-a82c-11e3-a972-000c29052e2c&amp;moda=1\">enlla\u00e7<\/a>:<\/strong><\/p>\n<p><a href=\"https:\/\/tramits.gencat.cat\/ca\/tramits\/tramits-temes\/22866_Bo_lloguer_joves?category=74aba454-a82c-11e3-a972-000c29052e2c&amp;moda=1\" target=\"_blank\" rel=\"noopener\">https:\/\/tramits.gencat.cat\/ca\/tramits\/tramits-temes\/22866_Bo_lloguer_joves?category=74aba454-a82c-11e3-a972-000c29052e2c&amp;moda=1https:\/\/habitatge.gencat.cat\/ca\/ajuts\/ajuts-pagament-habitatge\/subvencions-bo-lloguer-jove\/index.html<\/a><\/p>\n<p><em>Heu de guardar l\u2019acusament de rebuda que es genera una vegada enviada la sol\u00b7licitud. Aquest \u00e9s l\u2019\u00fanic justificant que verifica la sol\u00b7licitud com a presentada.<\/em><\/p>\n<p>Pots consultar el manual per a presentar la sol\u00b7licitud electr\u00f2nica en <a href=\"http:\/\/habitatge.olot.cat\/wp-content\/uploads\/2026\/03\/Manual-Sol.licitud-electronica-Bo-Lloguer-Jove-2026.pdf\" target=\"_blank\" rel=\"noopener\">aquest enlla\u00e7<\/a><\/p>\n<p><strong>\u00a0<\/strong><\/p>\n<p><strong>La presentaci\u00f3 de la sol\u00b7licitud presencial es dur\u00e0 a terme <u>SENSE CITA PR\u00c8VIA<\/u> a l\u2019Oficina Local d\u2019Habitatge d\u2019Olot, ja que s\u2019atorgaran els ajuts per ordre de presentaci\u00f3 de sol\u00b7licitud<\/strong><\/p>\n<p><strong>\u00a0<\/strong><strong>ADVERTIMENT IMPORTANT PER A TOTES LES SOL\u00b7LICITUDS PRESENTADES <\/strong><\/p>\n<p>Com el procediment de concessi\u00f3 de la subvenci\u00f3 que regulen les bases del Bo Lloguer Jove \u00e9s el de concurr\u00e8ncia no competitiva, les sol\u00b7licituds es tramiten i resolen per ordre de presentaci\u00f3 al registre, sempre que la sol\u00b7licitud i la documentaci\u00f3 estiguin completes i fins a l&#8217;esgotament del finan\u00e7ament disponible.<\/p>\n<p>&nbsp;<\/p>\n<p><a href=\"https:\/\/habitatge.gencat.cat\/ca\/ajuts\/ajuts-pagament-habitatge\/subvencions-bo-lloguer-jove\/faqs-bo-jove-lloguer\/\" target=\"_blank\" rel=\"noopener\"><strong>PREGUNTES FREQUENTS<\/strong><\/a><\/p>\n<p>&nbsp;<\/p>\n<p>OFICINA LOCAL D&#8217;HABITATGE OLOT<\/p>\n<p>Pg. Bisbe Guillamet 2, baixos<\/p>\n<p>17800 &#8211; OLOT<\/p>\n<p>Tel. 972 27\u00a091 28 &#8211;\u00a0972 27 91 00 <em>Ext.2070<\/em><\/p>\n<p>&nbsp;<\/p>\n<p>&nbsp;<\/p>\n","protected":false},"excerpt":{"rendered":"<p>El termini de presentaci\u00f3 s\u2019iniciar\u00e0 el dia 9 de mar\u00e7 a les 9:00 hores fins el dia 13 de mar\u00e7 a les 14:00 hores Pots consultar les bases que regulen la convocat\u00f2ria en aquest enlla\u00e7 &nbsp; La quantia de la subvenci\u00f3 \u00e9s: La quantia mensual de la subvenci\u00f3 \u00e9s de [&hellip;]<\/p>\n","protected":false},"author":1,"featured_media":0,"parent":0,"menu_order":0,"comment_status":"closed","ping_status":"closed","template":"","meta":{"footnotes":""},"class_list":["post-997","page","type-page","status-publish","hentry"],"_links":{"self":[{"href":"https:\/\/habitatge.olot.cat\/index.php\/wp-json\/wp\/v2\/pages\/997","targetHints":{"allow":["GET"]}}],"collection":[{"href":"https:\/\/habitatge.olot.cat\/index.php\/wp-json\/wp\/v2\/pages"}],"about":[{"href":"https:\/\/habitatge.olot.cat\/index.php\/wp-json\/wp\/v2\/types\/page"}],"author":[{"embeddable":true,"href":"https:\/\/habitatge.olot.cat\/index.php\/wp-json\/wp\/v2\/users\/1"}],"replies":[{"embeddable":true,"href":"https:\/\/habitatge.olot.cat\/index.php\/wp-json\/wp\/v2\/comments?post=997"}],"version-history":[{"count":28,"href":"https:\/\/habitatge.olot.cat\/index.php\/wp-json\/wp\/v2\/pages\/997\/revisions"}],"predecessor-version":[{"id":1710,"href":"https:\/\/habitatge.olot.cat\/index.php\/wp-json\/wp\/v2\/pages\/997\/revisions\/1710"}],"wp:attachment":[{"href":"https:\/\/habitatge.olot.cat\/index.php\/wp-json\/wp\/v2\/media?parent=997"}],"curies":[{"name":"wp","href":"https:\/\/api.w.org\/{rel}","templated":true}]}}